{"id":2839,"date":"2025-01-29T20:53:34","date_gmt":"2025-01-29T19:53:34","guid":{"rendered":"https:\/\/nataliasalvador.es\/?post_type=product&#038;p=2839"},"modified":"2025-04-03T10:42:01","modified_gmt":"2025-04-03T08:42:01","slug":"i-believe-in-fairies-t-shirt","status":"publish","type":"product","link":"https:\/\/nataliasalvador.es\/es\/producto\/i-believe-in-fairies-t-shirt\/","title":{"rendered":"Camiseta I believe in fairies"},"content":{"rendered":"<p>\u00bfCrees en las hadas? \u00a1Yo s\u00ed! Por eso cre\u00e9 esta ilustraci\u00f3n de un \u00e1rbol de hadas, \u00a1para poder lucirlo con orgullo!<\/p>\n<ul>\n<li>Ilustraci\u00f3n impresa en una camiseta modelo Gildan 5000, con las siguientes caracter\u00edsticas:<\/li>\n<li>Cuello de doble aguja sin costuras<\/li>\n<li>Dobladillos inferiores y mangas con doble costura<\/li>\n<li>100% algod\u00f3n<\/li>\n<li>Cuello y hombros reforzados con cinta para mayor durabilidad<\/li>\n<\/ul>\n<p>Producto hecho por encargo.<\/p>\n<p>Declaraciones de cumplimiento de seguridad del producto:<br \/>Cumple con los requisitos reglamentarios sobre sustancias peligrosas (plomo, cadmio, ftalatos y formaldeh\u00eddo).<br \/>Cumple con los requisitos reglamentarios sobre inflamabilidad.<\/p>","protected":false},"excerpt":{"rendered":"<p>Are you a fairy believer? I surely am! That&#8217;s why I created this faerie tree illustration, to proudly share it with the world! Printed on a Gildan 5000 t-shirt with the following characteristics: Seamless double-needle collar Double-needle sleeve and bottom hems 100% cotton Taped neck and shoulders for durability Product made to order. Product safety [&hellip;]<\/p>\n","protected":false},"featured_media":2847,"comment_status":"open","ping_status":"closed","template":"","meta":{"pgc_sgb_lightbox_settings":""},"product_brand":[],"product_cat":[241],"product_tag":[],"class_list":{"0":"post-2839","1":"product","2":"type-product","3":"status-publish","4":"has-post-thumbnail","6":"product_cat-textile","8":"first","9":"instock","10":"taxable","11":"shipping-taxable","12":"purchasable","13":"product-type-variable"},"jetpack_sharing_enabled":true,"_links":{"self":[{"href":"https:\/\/nataliasalvador.es\/es\/wp-json\/wp\/v2\/product\/2839","targetHints":{"allow":["GET"]}}],"collection":[{"href":"https:\/\/nataliasalvador.es\/es\/wp-json\/wp\/v2\/product"}],"about":[{"href":"https:\/\/nataliasalvador.es\/es\/wp-json\/wp\/v2\/types\/product"}],"replies":[{"embeddable":true,"href":"https:\/\/nataliasalvador.es\/es\/wp-json\/wp\/v2\/comments?post=2839"}],"wp:featuredmedia":[{"embeddable":true,"href":"https:\/\/nataliasalvador.es\/es\/wp-json\/wp\/v2\/media\/2847"}],"wp:attachment":[{"href":"https:\/\/nataliasalvador.es\/es\/wp-json\/wp\/v2\/media?parent=2839"}],"wp:term":[{"taxonomy":"product_brand","embeddable":true,"href":"https:\/\/nataliasalvador.es\/es\/wp-json\/wp\/v2\/product_brand?post=2839"},{"taxonomy":"product_cat","embeddable":true,"href":"https:\/\/nataliasalvador.es\/es\/wp-json\/wp\/v2\/product_cat?post=2839"},{"taxonomy":"product_tag","embeddable":true,"href":"https:\/\/nataliasalvador.es\/es\/wp-json\/wp\/v2\/product_tag?post=2839"}],"curies":[{"name":"wp","href":"https:\/\/api.w.org\/{rel}","templated":true}]}}