{"id":2797,"date":"2024-11-14T16:58:12","date_gmt":"2024-11-14T15:58:12","guid":{"rendered":"https:\/\/nataliasalvador.es\/?post_type=product&#038;p=2797"},"modified":"2024-11-14T17:00:54","modified_gmt":"2024-11-14T16:00:54","slug":"piocua-tribe-sticker","status":"publish","type":"product","link":"https:\/\/nataliasalvador.es\/es\/producto\/piocua-tribe-sticker\/","title":{"rendered":"Pegatina tribu Piocu\u00e1"},"content":{"rendered":"<p>Pegatina de ilustraci\u00f3n digital de una ni\u00f1a que encuentra nuevos amigos en el bosque: Peque\u00f1os y graciosos pajarillos azules que se hacen llamar tribu Piocu\u00e1.<\/p>\n<p>Impresa en papel de pegatina blanco, mide aproximadamente 8.5 cm \u00d7 6 cm (3.4\" \u00d7 2.4\").<\/p>","protected":false},"excerpt":{"rendered":"<p>Digital illustration sticker of a girl finding new friends in the forest: Cute little blue birds that call themselves the Piocua tribe. Printed on white sticker paper, it measures approximately 8.5 cm \u00d7 6 cm (3.4&#8243; \u00d7 2.4&#8243;).<\/p>","protected":false},"featured_media":2798,"comment_status":"closed","ping_status":"closed","template":"","meta":{"pgc_sgb_lightbox_settings":""},"product_brand":[],"product_cat":[253],"product_tag":[],"class_list":{"0":"post-2797","1":"product","2":"type-product","3":"status-publish","4":"has-post-thumbnail","6":"product_cat-stickers","7":"product_shipping_class-correos50","9":"first","10":"instock","11":"taxable","12":"shipping-taxable","13":"purchasable","14":"product-type-simple"},"jetpack_sharing_enabled":true,"_links":{"self":[{"href":"https:\/\/nataliasalvador.es\/es\/wp-json\/wp\/v2\/product\/2797","targetHints":{"allow":["GET"]}}],"collection":[{"href":"https:\/\/nataliasalvador.es\/es\/wp-json\/wp\/v2\/product"}],"about":[{"href":"https:\/\/nataliasalvador.es\/es\/wp-json\/wp\/v2\/types\/product"}],"replies":[{"embeddable":true,"href":"https:\/\/nataliasalvador.es\/es\/wp-json\/wp\/v2\/comments?post=2797"}],"wp:featuredmedia":[{"embeddable":true,"href":"https:\/\/nataliasalvador.es\/es\/wp-json\/wp\/v2\/media\/2798"}],"wp:attachment":[{"href":"https:\/\/nataliasalvador.es\/es\/wp-json\/wp\/v2\/media?parent=2797"}],"wp:term":[{"taxonomy":"product_brand","embeddable":true,"href":"https:\/\/nataliasalvador.es\/es\/wp-json\/wp\/v2\/product_brand?post=2797"},{"taxonomy":"product_cat","embeddable":true,"href":"https:\/\/nataliasalvador.es\/es\/wp-json\/wp\/v2\/product_cat?post=2797"},{"taxonomy":"product_tag","embeddable":true,"href":"https:\/\/nataliasalvador.es\/es\/wp-json\/wp\/v2\/product_tag?post=2797"}],"curies":[{"name":"wp","href":"https:\/\/api.w.org\/{rel}","templated":true}]}}