{"id":2745,"date":"2024-11-12T19:38:28","date_gmt":"2024-11-12T18:38:28","guid":{"rendered":"https:\/\/nataliasalvador.es\/?post_type=product&#038;p=2745"},"modified":"2024-11-14T16:04:53","modified_gmt":"2024-11-14T15:04:53","slug":"winter-a4-print","status":"publish","type":"product","link":"https:\/\/nataliasalvador.es\/es\/producto\/winter-a4-print\/","title":{"rendered":"L\u00e1mina A4 Invierno"},"content":{"rendered":"<p>Impresi\u00f3n digital de la ilustraci\u00f3n a grafito 'Invierno', que forma parte de la serie 'Las cuatro estaciones del hombre'. Esta representa las edades a trav\u00e9s de las cuatro estaciones del a\u00f1o. El invierno es la vejez, el final, la muerte.<\/p>\n<p>L\u00e1mina impresa en papel libre de \u00e1cidos y con certificado FSC de 300 gsm (aprox 110 lbs).<\/p>\n<p>Formato A4 (210 \u00d7 297 mm, 8.3\" x 11.7\").<\/p>\n<p>Firmado a mano.<\/p>","protected":false},"excerpt":{"rendered":"<p>Digital print of the graphite illustration &#8216;Winter&#8217; which is part of the series &#8216;The Four Seasons of Mankind&#8217;. This series represents the ages of mankind through the four seasons of the year. Winter is the old age, the end, death. Printed on acid free 300 gsm (approx 110 lbs) FSC certified paper. A4 size (210 [&hellip;]<\/p>\n","protected":false},"featured_media":2748,"comment_status":"closed","ping_status":"closed","template":"","meta":{"pgc_sgb_lightbox_settings":""},"product_brand":[],"product_cat":[251],"product_tag":[],"class_list":{"0":"post-2745","1":"product","2":"type-product","3":"status-publish","4":"has-post-thumbnail","6":"product_cat-prints","7":"product_shipping_class-correos-100","9":"first","10":"instock","11":"taxable","12":"shipping-taxable","13":"purchasable","14":"product-type-simple"},"jetpack_sharing_enabled":true,"_links":{"self":[{"href":"https:\/\/nataliasalvador.es\/es\/wp-json\/wp\/v2\/product\/2745","targetHints":{"allow":["GET"]}}],"collection":[{"href":"https:\/\/nataliasalvador.es\/es\/wp-json\/wp\/v2\/product"}],"about":[{"href":"https:\/\/nataliasalvador.es\/es\/wp-json\/wp\/v2\/types\/product"}],"replies":[{"embeddable":true,"href":"https:\/\/nataliasalvador.es\/es\/wp-json\/wp\/v2\/comments?post=2745"}],"wp:featuredmedia":[{"embeddable":true,"href":"https:\/\/nataliasalvador.es\/es\/wp-json\/wp\/v2\/media\/2748"}],"wp:attachment":[{"href":"https:\/\/nataliasalvador.es\/es\/wp-json\/wp\/v2\/media?parent=2745"}],"wp:term":[{"taxonomy":"product_brand","embeddable":true,"href":"https:\/\/nataliasalvador.es\/es\/wp-json\/wp\/v2\/product_brand?post=2745"},{"taxonomy":"product_cat","embeddable":true,"href":"https:\/\/nataliasalvador.es\/es\/wp-json\/wp\/v2\/product_cat?post=2745"},{"taxonomy":"product_tag","embeddable":true,"href":"https:\/\/nataliasalvador.es\/es\/wp-json\/wp\/v2\/product_tag?post=2745"}],"curies":[{"name":"wp","href":"https:\/\/api.w.org\/{rel}","templated":true}]}}