{"id":2713,"date":"2024-11-12T19:24:00","date_gmt":"2024-11-12T18:24:00","guid":{"rendered":"https:\/\/nataliasalvador.es\/?post_type=product&#038;p=2713"},"modified":"2024-11-14T16:08:26","modified_gmt":"2024-11-14T15:08:26","slug":"feed-your-imagination-iii-a4-print","status":"publish","type":"product","link":"https:\/\/nataliasalvador.es\/es\/producto\/feed-your-imagination-iii-a4-print\/","title":{"rendered":"L\u00e1mina A4 Alimenta tu Imaginaci\u00f3n III"},"content":{"rendered":"<p>L\u00e1mina impresa en papel libre de \u00e1cidos y con certificado FSC de 300 gsm (aprox 110 lbs).<\/p>\n<p>Formato A4 (210 \u00d7 297 mm, 8.3\" x 11.7\").<\/p>\n<p>Firmado a mano.<\/p>","protected":false},"excerpt":{"rendered":"<p>Printed on acid free 300 gsm (approx 110 lbs) FSC certified paper. A4 size (210 \u00d7 297 mm, 8.3&#8243; x 11.7&#8243;). Hand signed.<\/p>","protected":false},"featured_media":2714,"comment_status":"closed","ping_status":"closed","template":"","meta":{"pgc_sgb_lightbox_settings":""},"product_brand":[],"product_cat":[251],"product_tag":[],"class_list":{"0":"post-2713","1":"product","2":"type-product","3":"status-publish","4":"has-post-thumbnail","6":"product_cat-prints","7":"product_shipping_class-correos-100","9":"first","10":"instock","11":"taxable","12":"shipping-taxable","13":"purchasable","14":"product-type-simple"},"jetpack_sharing_enabled":true,"_links":{"self":[{"href":"https:\/\/nataliasalvador.es\/es\/wp-json\/wp\/v2\/product\/2713","targetHints":{"allow":["GET"]}}],"collection":[{"href":"https:\/\/nataliasalvador.es\/es\/wp-json\/wp\/v2\/product"}],"about":[{"href":"https:\/\/nataliasalvador.es\/es\/wp-json\/wp\/v2\/types\/product"}],"replies":[{"embeddable":true,"href":"https:\/\/nataliasalvador.es\/es\/wp-json\/wp\/v2\/comments?post=2713"}],"wp:featuredmedia":[{"embeddable":true,"href":"https:\/\/nataliasalvador.es\/es\/wp-json\/wp\/v2\/media\/2714"}],"wp:attachment":[{"href":"https:\/\/nataliasalvador.es\/es\/wp-json\/wp\/v2\/media?parent=2713"}],"wp:term":[{"taxonomy":"product_brand","embeddable":true,"href":"https:\/\/nataliasalvador.es\/es\/wp-json\/wp\/v2\/product_brand?post=2713"},{"taxonomy":"product_cat","embeddable":true,"href":"https:\/\/nataliasalvador.es\/es\/wp-json\/wp\/v2\/product_cat?post=2713"},{"taxonomy":"product_tag","embeddable":true,"href":"https:\/\/nataliasalvador.es\/es\/wp-json\/wp\/v2\/product_tag?post=2713"}],"curies":[{"name":"wp","href":"https:\/\/api.w.org\/{rel}","templated":true}]}}