{"id":2563,"date":"2024-10-30T16:22:58","date_gmt":"2024-10-30T15:22:58","guid":{"rendered":"https:\/\/nataliasalvador.es\/?post_type=product&#038;p=2563"},"modified":"2025-04-03T10:43:20","modified_gmt":"2025-04-03T08:43:20","slug":"jem-t-shirt","status":"publish","type":"product","link":"https:\/\/nataliasalvador.es\/es\/producto\/jem-t-shirt\/","title":{"rendered":"Camiseta Jem"},"content":{"rendered":"<p>\u00a1A\u00f1ade un toque de nostalgia y estilo a tu armario con esta encantadora camiseta! Lleva contigo este dise\u00f1o \u00fanico con Jem de la serie Jem &amp; the Holograms cantando y muestra tu amor por este ic\u00f3nico personaje mientras disfrutas de la comodidad y el estilo.<\/p>\n<p>Impreso en camiseta modelo Gildan 5000: Corte cl\u00e1sico para un ajuste c\u00f3modo, con cuello de doble aguja sin costuras y dobladillos de manga e inferior reforzados para una mayor durabilidad. Fabricada 100% en algod\u00f3n para una sensaci\u00f3n suave y ligera. Adem\u00e1s, el cuello y los hombros est\u00e1n reforzados con cinta para una mayor resistencia.<\/p>\n<p>Declaraciones de cumplimiento de seguridad del producto:<br \/>\nCumple con los requisitos reglamentarios sobre sustancias peligrosas (plomo, cadmio, ftalatos y formaldeh\u00eddo).<br \/>\nCumple con los requisitos reglamentarios sobre inflamabilidad.<\/p>","protected":false},"excerpt":{"rendered":"<p>100% cotton t-shirt with Jem from\u00a0<strong><em>Jem &amp; the Holograms<\/em><\/strong> singing.<\/p>","protected":false},"featured_media":2573,"comment_status":"open","ping_status":"closed","template":"","meta":{"pgc_sgb_lightbox_settings":""},"product_brand":[],"product_cat":[241],"product_tag":[243,246,242,248,245,247,249,244],"class_list":{"0":"post-2563","1":"product","2":"type-product","3":"status-publish","4":"has-post-thumbnail","6":"product_cat-textile","7":"product_tag-80s-singer","8":"product_tag-90s-tv-nostalgia","9":"product_tag-jem-and-the-hologram","10":"product_tag-music-star","11":"product_tag-pink-retro-tshirt","12":"product_tag-pink-rock","13":"product_tag-singing-microphone","14":"product_tag-vintage-cartoon","16":"first","17":"instock","18":"taxable","19":"shipping-taxable","20":"purchasable","21":"product-type-variable"},"jetpack_sharing_enabled":true,"_links":{"self":[{"href":"https:\/\/nataliasalvador.es\/es\/wp-json\/wp\/v2\/product\/2563","targetHints":{"allow":["GET"]}}],"collection":[{"href":"https:\/\/nataliasalvador.es\/es\/wp-json\/wp\/v2\/product"}],"about":[{"href":"https:\/\/nataliasalvador.es\/es\/wp-json\/wp\/v2\/types\/product"}],"replies":[{"embeddable":true,"href":"https:\/\/nataliasalvador.es\/es\/wp-json\/wp\/v2\/comments?post=2563"}],"wp:featuredmedia":[{"embeddable":true,"href":"https:\/\/nataliasalvador.es\/es\/wp-json\/wp\/v2\/media\/2573"}],"wp:attachment":[{"href":"https:\/\/nataliasalvador.es\/es\/wp-json\/wp\/v2\/media?parent=2563"}],"wp:term":[{"taxonomy":"product_brand","embeddable":true,"href":"https:\/\/nataliasalvador.es\/es\/wp-json\/wp\/v2\/product_brand?post=2563"},{"taxonomy":"product_cat","embeddable":true,"href":"https:\/\/nataliasalvador.es\/es\/wp-json\/wp\/v2\/product_cat?post=2563"},{"taxonomy":"product_tag","embeddable":true,"href":"https:\/\/nataliasalvador.es\/es\/wp-json\/wp\/v2\/product_tag?post=2563"}],"curies":[{"name":"wp","href":"https:\/\/api.w.org\/{rel}","templated":true}]}}