{"id":2516,"date":"2024-10-30T12:08:10","date_gmt":"2024-10-30T11:08:10","guid":{"rendered":"https:\/\/nataliasalvador.es\/?post_type=product&#038;p=2516"},"modified":"2024-12-13T07:59:48","modified_gmt":"2024-12-13T06:59:48","slug":"jem-and-the-holograms-tote-bag-pop-idol-shopping-bag-cotton-pink-illustration-star-tote","status":"publish","type":"product","link":"https:\/\/nataliasalvador.es\/es\/producto\/jem-and-the-holograms-tote-bag-pop-idol-shopping-bag-cotton-pink-illustration-star-tote\/","title":{"rendered":"Bolsa de tela Jem &amp; the Holograms"},"content":{"rendered":"<p>Lleva contigo este dise\u00f1o \u00fanico que presenta a Jem de la serie <em><strong>Jem &amp; the Holograms<\/strong><\/em> cantando y muestra tu amor por este ic\u00f3nico personaje mientras disfrutas de la comodidad y el estilo.<\/p>\n<p>Ideal para tus necesidades diarias, esta bolsa ecol\u00f3gica est\u00e1 dise\u00f1ada con asas reforzadas para una mayor estabilidad y son 100% algod\u00f3n.<\/p>\n<p>Con una capacidad de 10 litros, ofrece un amplio espacio para llevar todo lo que necesitas. Fabricada bajo demanda con atenci\u00f3n a los detalles, estas bolsas son la opci\u00f3n perfecta para quienes buscan estilo y funcionalidad con conciencia ambiental.<\/p>\n<p>Declaraciones de cumplimiento de seguridad del producto:<br \/>\nCumple con los requisitos reglamentarios sobre sustancias peligrosas (plomo, cadmio, ftalatos y formaldeh\u00eddo).<br \/>\nCumple con los requisitos reglamentarios sobre inflamabilidad.<\/p>","protected":false},"excerpt":{"rendered":"<p>Bolsa de tela de Jem 100% algod\u00f3n, 38cm ancho \u00d742 cm largo y 67cm longitud total de asa (de una costura a otra).<\/p>","protected":false},"featured_media":2519,"comment_status":"open","ping_status":"closed","template":"","meta":{"pgc_sgb_lightbox_settings":""},"product_brand":[],"product_cat":[241],"product_tag":[],"class_list":{"0":"post-2516","1":"product","2":"type-product","3":"status-publish","4":"has-post-thumbnail","6":"product_cat-textile","8":"first","9":"instock","10":"taxable","11":"shipping-taxable","12":"purchasable","13":"product-type-simple"},"jetpack_sharing_enabled":true,"_links":{"self":[{"href":"https:\/\/nataliasalvador.es\/es\/wp-json\/wp\/v2\/product\/2516","targetHints":{"allow":["GET"]}}],"collection":[{"href":"https:\/\/nataliasalvador.es\/es\/wp-json\/wp\/v2\/product"}],"about":[{"href":"https:\/\/nataliasalvador.es\/es\/wp-json\/wp\/v2\/types\/product"}],"replies":[{"embeddable":true,"href":"https:\/\/nataliasalvador.es\/es\/wp-json\/wp\/v2\/comments?post=2516"}],"wp:featuredmedia":[{"embeddable":true,"href":"https:\/\/nataliasalvador.es\/es\/wp-json\/wp\/v2\/media\/2519"}],"wp:attachment":[{"href":"https:\/\/nataliasalvador.es\/es\/wp-json\/wp\/v2\/media?parent=2516"}],"wp:term":[{"taxonomy":"product_brand","embeddable":true,"href":"https:\/\/nataliasalvador.es\/es\/wp-json\/wp\/v2\/product_brand?post=2516"},{"taxonomy":"product_cat","embeddable":true,"href":"https:\/\/nataliasalvador.es\/es\/wp-json\/wp\/v2\/product_cat?post=2516"},{"taxonomy":"product_tag","embeddable":true,"href":"https:\/\/nataliasalvador.es\/es\/wp-json\/wp\/v2\/product_tag?post=2516"}],"curies":[{"name":"wp","href":"https:\/\/api.w.org\/{rel}","templated":true}]}}