{"id":2400,"date":"2024-10-29T18:09:25","date_gmt":"2024-10-29T17:09:25","guid":{"rendered":"https:\/\/nataliasalvador.es\/?post_type=product&#038;p=2400"},"modified":"2024-10-30T16:52:58","modified_gmt":"2024-10-30T15:52:58","slug":"jem-fan-art-ink-illustration","status":"publish","type":"product","link":"https:\/\/nataliasalvador.es\/es\/producto\/jem-fan-art-ink-illustration\/","title":{"rendered":"Fan art de Jem, Ilustraci\u00f3n a tinta"},"content":{"rendered":"<p>Dibujo original de Jem de la serie de dibujos animados de los 90 <strong><em>Jem &amp; the Holograms<\/em><\/strong>.<\/p>\n<p>Realizada con tinta e imitaci\u00f3n de pan de oro en papel de alta calidad de 300gsm (140 lbs). El papel tiene textura.<\/p>\n<p>El papel mide 14.8 \u00d7 21 cm (5.9 \u00d7 8.3 pulgadas), tama\u00f1o A5.<\/p>\n<p>Firmado y fechado.<\/p>","protected":false},"excerpt":{"rendered":"<p>Ilustraci\u00f3n original a tinta de Jem, fan art de Jem &amp; the Holograms.<\/p>","protected":false},"featured_media":2401,"comment_status":"closed","ping_status":"closed","template":"","meta":{"pgc_sgb_lightbox_settings":""},"product_brand":[],"product_cat":[238],"product_tag":[],"class_list":{"0":"post-2400","1":"product","2":"type-product","3":"status-publish","4":"has-post-thumbnail","6":"product_cat-original-art","7":"product_shipping_class-small-original","9":"first","10":"instock","11":"taxable","12":"shipping-taxable","13":"purchasable","14":"product-type-simple"},"jetpack_sharing_enabled":true,"_links":{"self":[{"href":"https:\/\/nataliasalvador.es\/es\/wp-json\/wp\/v2\/product\/2400","targetHints":{"allow":["GET"]}}],"collection":[{"href":"https:\/\/nataliasalvador.es\/es\/wp-json\/wp\/v2\/product"}],"about":[{"href":"https:\/\/nataliasalvador.es\/es\/wp-json\/wp\/v2\/types\/product"}],"replies":[{"embeddable":true,"href":"https:\/\/nataliasalvador.es\/es\/wp-json\/wp\/v2\/comments?post=2400"}],"wp:featuredmedia":[{"embeddable":true,"href":"https:\/\/nataliasalvador.es\/es\/wp-json\/wp\/v2\/media\/2401"}],"wp:attachment":[{"href":"https:\/\/nataliasalvador.es\/es\/wp-json\/wp\/v2\/media?parent=2400"}],"wp:term":[{"taxonomy":"product_brand","embeddable":true,"href":"https:\/\/nataliasalvador.es\/es\/wp-json\/wp\/v2\/product_brand?post=2400"},{"taxonomy":"product_cat","embeddable":true,"href":"https:\/\/nataliasalvador.es\/es\/wp-json\/wp\/v2\/product_cat?post=2400"},{"taxonomy":"product_tag","embeddable":true,"href":"https:\/\/nataliasalvador.es\/es\/wp-json\/wp\/v2\/product_tag?post=2400"}],"curies":[{"name":"wp","href":"https:\/\/api.w.org\/{rel}","templated":true}]}}