{"id":2398,"date":"2024-10-29T17:56:37","date_gmt":"2024-10-29T16:56:37","guid":{"rendered":"https:\/\/nataliasalvador.es\/?post_type=product&#038;p=2398"},"modified":"2024-10-30T16:51:58","modified_gmt":"2024-10-30T15:51:58","slug":"fox-gnome-ink-illustration","status":"publish","type":"product","link":"https:\/\/nataliasalvador.es\/es\/producto\/fox-gnome-ink-illustration\/","title":{"rendered":"Zorro y gnomo, ilustraci\u00f3n a tinta"},"content":{"rendered":"<p>Fanart de <strong><em>David el Gnomo<\/em><\/strong>,  la serie de dibujos animados espa\u00f1ola basada en <em><strong>Leven en werken van de Kabouter<\/strong><\/em>En ella aparecen David el gnomo y Swift el zorro en el bosque.<\/p>\n<p>Es una ilustraci\u00f3n a tinta original hecha sobre papel de alta calidad Hahnem\u00fchle Bristol de 250 gsm (120lbs). Su tama\u00f1o es A5 (148 \u00d7 210 mm \/ 5.8 \u00d7 8.3 pulgadas). Tiene un peque\u00f1o borde blanco de unos 5mm \/ 0.2 pulgadas de ancho.<\/p>\n<p>Firmada en la parte de alante. Detr\u00e1s se encuentran anotados el t\u00edtulo, tipo de papel, nombre de la artista y fecha.<\/p>\n<p>Se env\u00eda mediante correo certificado, con n\u00famero de seguimiento.<\/p>","protected":false},"excerpt":{"rendered":"<p>Ilustraci\u00f3n original a tinta en formato A5 (148 \u00d7 210mm \/ 5.8 \u00d7 8.3 pulgadas).<\/p>","protected":false},"featured_media":2399,"comment_status":"closed","ping_status":"closed","template":"","meta":{"pgc_sgb_lightbox_settings":""},"product_brand":[],"product_cat":[238],"product_tag":[],"class_list":{"0":"post-2398","1":"product","2":"type-product","3":"status-publish","4":"has-post-thumbnail","6":"product_cat-original-art","7":"product_shipping_class-small-original","9":"first","10":"instock","11":"taxable","12":"shipping-taxable","13":"purchasable","14":"product-type-simple"},"jetpack_sharing_enabled":true,"_links":{"self":[{"href":"https:\/\/nataliasalvador.es\/es\/wp-json\/wp\/v2\/product\/2398","targetHints":{"allow":["GET"]}}],"collection":[{"href":"https:\/\/nataliasalvador.es\/es\/wp-json\/wp\/v2\/product"}],"about":[{"href":"https:\/\/nataliasalvador.es\/es\/wp-json\/wp\/v2\/types\/product"}],"replies":[{"embeddable":true,"href":"https:\/\/nataliasalvador.es\/es\/wp-json\/wp\/v2\/comments?post=2398"}],"wp:featuredmedia":[{"embeddable":true,"href":"https:\/\/nataliasalvador.es\/es\/wp-json\/wp\/v2\/media\/2399"}],"wp:attachment":[{"href":"https:\/\/nataliasalvador.es\/es\/wp-json\/wp\/v2\/media?parent=2398"}],"wp:term":[{"taxonomy":"product_brand","embeddable":true,"href":"https:\/\/nataliasalvador.es\/es\/wp-json\/wp\/v2\/product_brand?post=2398"},{"taxonomy":"product_cat","embeddable":true,"href":"https:\/\/nataliasalvador.es\/es\/wp-json\/wp\/v2\/product_cat?post=2398"},{"taxonomy":"product_tag","embeddable":true,"href":"https:\/\/nataliasalvador.es\/es\/wp-json\/wp\/v2\/product_tag?post=2398"}],"curies":[{"name":"wp","href":"https:\/\/api.w.org\/{rel}","templated":true}]}}