{"id":943,"date":"2022-11-06T19:58:50","date_gmt":"2022-11-06T18:58:50","guid":{"rendered":"http:\/\/nataliasalvador.es\/?page_id=943"},"modified":"2025-05-16T12:15:01","modified_gmt":"2025-05-16T10:15:01","slug":"cookie-policy","status":"publish","type":"page","link":"https:\/\/nataliasalvador.es\/es\/cookie-policy\/","title":{"rendered":"Pol\u00edtica de Cookies"},"content":{"rendered":"<h1 class=\"wp-block-heading has-text-align-center\">Pol\u00edtica de Cookies<\/h1>\n\n\n\n<h3 class=\"wp-block-heading\">Acerca de esta pol\u00edtica de cookies<\/h3>\n\n\n\n<p>Esta Pol\u00edtica de cookies explica qu\u00e9 son las cookies y c\u00f3mo las uso, los tipos de cookies que uso, es decir, la informaci\u00f3n que recopilo usando cookies y c\u00f3mo se usa esa informaci\u00f3n, y c\u00f3mo controlar las preferencias de cookies. Para obtener m\u00e1s informaci\u00f3n sobre c\u00f3mo uso, almaceno y mantengo seguros tus datos personales, consulte la <a href=\"http:\/\/nataliasalvador.es\/es\/privacy-policy\/\">Pol\u00edtica de privacidad<\/a>. En cualquier momento puedes cambiar o retirar su consentimiento de la Declaraci\u00f3n de cookies en nuestro sitio web.<br>Puedes saber m\u00e1s sobre quien soy, como puedes contactar conmigo y como uso y proceso tus datos en la secci\u00f3n <a href=\"http:\/\/nataliasalvador.es\/es\/privacy-policy\/\">Pol\u00edtica de privacidad<\/a>.<br>Your consent applies to the following domains: <a href=\"https:\/\/nataliasalvador.es\/es\/\">www.nataliasalvador.es<\/a><\/p>\n\n\n<div class=\"cli_user_consent_state\">Tu estado actual: No se ha dado el consentimiento. <a class=\"cli_manage_current_consent\" style=\"cursor:pointer;text-decoration:underline;\">Gestiona tu consentimiento.<\/a> <\/div>\n\n\n\n<h3 class=\"wp-block-heading\">\u00bfQu\u00e9 son las cookies?<\/h3>\n\n\n\n<p>Las Cookies son peque\u00f1os archivos de texto que se utilizan para almacenar peque\u00f1as cantidades de informaci\u00f3n. Son almacenadas en tu dispositivo cuando cargas la p\u00e1gina web en el navegador. Estas cookies ayudan a que el sitio funcione correctamente, lo hacen m\u00e1s seguro, proveen una mejor experiencia de usuario y ayudan a comprender como el sitio web cumple con su cometido y a analizar lo que funciona y qu\u00e9 necesita mejorar.<\/p>\n\n\n\n<h3 class=\"wp-block-heading\">\u00bfC\u00f3mo uso las cookies?<\/h3>\n\n\n\n<p>Como la mayor\u00eda de servicios en l\u00ednea, mi sitio web utiliza cookies propias y de terceros para distintos prop\u00f3sitos. Las cookies propias son principalmente necesarias para que el sitio web funcione adecuadamente, y no recopilan datos de car\u00e1cter personal. Las cookies de terceros utilizadas en mi web son sobre todo para entender c\u00f3mo desempe\u00f1a su funci\u00f3n, c\u00f3mo interact\u00faas con \u00e9l, mantenerlo seguro y en general para proveer una mejor experiencia de usuario y acelerar tus futuras interacciones.<\/p>\n\n\n\n<h3 class=\"wp-block-heading\">\u00bfQu\u00e9 tipos de cookies uso?<\/h3>\n\n\n\n<p><strong>Esenciales:<\/strong> Algunas cookies son esenciales para que puedas disfrutar de todas las funcionalidades de mi web. Permiten que mantenga las sesiones de usuario y previenen amenazas de seguridad. No recogen ni almacenan informaci\u00f3n personal. Por ejemplo, este tipo de cookies permiten identificarse con una cuenta, a\u00f1adir productos al carrito y finalizar la compra de forma segura.<\/p>\n\n\n\n<p><strong>Estad\u00edsticas:<\/strong> Estas cookies almacenan informaci\u00f3n como el n\u00famero de visitantes del sitio web, el n\u00famero de visitantes \u00fanicos, qu\u00e9 p\u00e1ginas del sitio han sido visitadas, la procedencia de la visita, etc. Esta informaci\u00f3n ayuda a entender y analizar cuan bien funciona la web y qu\u00e9 necesita mejorar.<\/p>\n\n\n\n<p><strong>Funcionales:<\/strong> Estas son cookies que ayudan a ciertas funcionalidades no esenciales de la web. Estas incluyen incrustar contenido como videos o compartir contenido de la web en redes sociales.<\/p>\n\n\n\n<p><strong>Preferencias:<\/strong> Estas cookies ayudan a almacenar tus preferencias, como las de idioma, para que tengas una mejor y m\u00e1s eficiente experiencia en futuras visitas.<\/p>\n\n\n<p>The below list details the cookies used in our website.<\/p><table class=\"cookielawinfo-row-cat-table cookielawinfo-classic\"><thead><tr><th class=\"cookielawinfo-column-1\">Cookie<\/th><th class=\"cookielawinfo-column-4\">Descripci\u00f3n<\/th><\/tr><\/thead><tbody><tr class=\"cookielawinfo-row\"><td class=\"cookielawinfo-column-1\">_ga<\/td><td class=\"cookielawinfo-column-4\">La cookie _ga, instalada por Google Analytics, calcula los datos de visitantes, sesiones y campa\u00f1as y tambi\u00e9n realiza un seguimiento del uso del sitio para el informe anal\u00edtico del sitio. La cookie almacena informaci\u00f3n de forma an\u00f3nima y asigna un n\u00famero generado aleatoriamente para reconocer a visitantes \u00fanicos.<\/td><\/tr><tr class=\"cookielawinfo-row\"><td class=\"cookielawinfo-column-1\">_gat_gtag_UA_112345062_1<\/td><td class=\"cookielawinfo-column-4\">Creada por Google para distinguir a los usuarios.<\/td><\/tr><tr class=\"cookielawinfo-row\"><td class=\"cookielawinfo-column-1\">_gid<\/td><td class=\"cookielawinfo-column-4\">Instalada por Google Analytics, la cookie _gid almacena informaci\u00f3n sobre c\u00f3mo los visitantes usan un sitio web, al mismo tiempo que crea un informe anal\u00edtico del rendimiento del sitio web. Algunos de los datos que se recopilan incluyen el n\u00famero de visitantes, su fuente y las p\u00e1ginas que visitan de forma an\u00f3nima.<\/td><\/tr><tr class=\"cookielawinfo-row\"><td class=\"cookielawinfo-column-1\">cookielawinfo-checkbox-advertisement<\/td><td class=\"cookielawinfo-column-4\">Establecida por el plugin GDPR Cookie Consent, esta cookie se utiliza para registrar el consentimiento del usuario para las cookies en la categor\u00eda \"Publicidad\".<\/td><\/tr><tr class=\"cookielawinfo-row\"><td class=\"cookielawinfo-column-1\">cookielawinfo-checkbox-analytics<\/td><td class=\"cookielawinfo-column-4\">Esta cookie es creada por el plugin GDPR Cookie Consent. La cookie se utiliza para almacenar el consentimiento del usuario para las cookies en la categor\u00eda \"An\u00e1lisis\".<\/td><\/tr><tr class=\"cookielawinfo-row\"><td class=\"cookielawinfo-column-1\">cookielawinfo-checkbox-functional<\/td><td class=\"cookielawinfo-column-4\">Esta cookie es creada por el plugin GDPR Cookie Consent para registrar el consentimiento del usuario para las cookies en la categor\u00eda \"Funcionales\".<\/td><\/tr><tr class=\"cookielawinfo-row\"><td class=\"cookielawinfo-column-1\">cookielawinfo-checkbox-necessary<\/td><td class=\"cookielawinfo-column-4\">Cookie creada por el plugin GDPR Cookie Consent. Las cookies se utilizan para almacenar el consentimiento del usuario para las cookies en la categor\u00eda \"Necesarias\".<\/td><\/tr><tr class=\"cookielawinfo-row\"><td class=\"cookielawinfo-column-1\">cookielawinfo-checkbox-others<\/td><td class=\"cookielawinfo-column-4\">Creada por el plugin GDPR Cookie Consent. Las cookies se utilizan para almacenar el consentimiento del usuario para las cookies en la categor\u00eda \"Otras\".<\/td><\/tr><tr class=\"cookielawinfo-row\"><td class=\"cookielawinfo-column-1\">cookielawinfo-checkbox-performance<\/td><td class=\"cookielawinfo-column-4\">Cookie establecida por el plugin GDPR Cookie Consent. Las cookies se utilizan para almacenar el consentimiento del usuario para las cookies en la categor\u00eda \"Rendimiento\".<\/td><\/tr><tr class=\"cookielawinfo-row\"><td class=\"cookielawinfo-column-1\">CookieLawInfoConsent<\/td><td class=\"cookielawinfo-column-4\">Registra el estado predeterminado del bot\u00f3n de la categor\u00eda correspondiente y el estado de CCPA. Funciona solo en coordinaci\u00f3n con la cookie principal.<\/td><\/tr><tr class=\"cookielawinfo-row\"><td class=\"cookielawinfo-column-1\">viewed_cookie_policy<\/td><td class=\"cookielawinfo-column-4\">Cookie configurada por el plugin GDPR Cookie Consent y se utiliza para almacenar si el usuario ha dado su consentimiento o no para el uso de cookies. No almacena ning\u00fan dato personal.<\/td><\/tr><\/tbody><\/table>\n\n\n\n<h3 class=\"wp-block-heading\">\u00bfC\u00f3mo puedo controlar las preferencias de cookies?<\/h3>\n\n\n\n<p>Si decides cambiar tus preferencias m\u00e1s tarde, durante tu navegaci\u00f3n, puedes hacer clic en \"Administrar consentimiento\" en la pantalla. Esto mostrar\u00e1 el aviso de consentimiento de nuevo, permiti\u00e9ndote cambiar tus preferencias o retirar el consentimiento por completo.<\/p>\n\n\n\n<p>Adem\u00e1s de esto, cada navegador proporciona diferentes m\u00e9todos para bloquear y eliminar las cookies usadas por las p\u00e1ginas web. Puedes cambiar la configuraci\u00f3n de tu navegador para bloquear\/eliminar las cookies. Para saber m\u00e1s sobre como administrar y eliminar cookies, visita <a href=\"https:\/\/es.wikipedia.org\/wiki\/Cookie_(informtica)\" rel=\"nofollow noopener\" target=\"_blank\">wikipedia.org<\/a>, <a href=\"http:\/\/www.allaboutcookies.org\" rel=\"nofollow noopener\" target=\"_blank\">www.allaboutcookies.org<\/a>.<\/p>","protected":false},"excerpt":{"rendered":"<p>Cookie Policy About this cookie policy This Cookie Policy explains what cookies are and how I use them, the types of cookies I use i.e, the information we collect using cookies and how that information is used, and how to control the cookie preferences. For further information on how I use, store, and keep your [&hellip;]<\/p>\n","protected":false},"author":1,"featured_media":0,"parent":0,"menu_order":0,"comment_status":"closed","ping_status":"closed","template":"","meta":{"pgc_sgb_lightbox_settings":"","footnotes":""},"class_list":["post-943","page","type-page","status-publish","hentry"],"jetpack_sharing_enabled":true,"_links":{"self":[{"href":"https:\/\/nataliasalvador.es\/es\/wp-json\/wp\/v2\/pages\/943","targetHints":{"allow":["GET"]}}],"collection":[{"href":"https:\/\/nataliasalvador.es\/es\/wp-json\/wp\/v2\/pages"}],"about":[{"href":"https:\/\/nataliasalvador.es\/es\/wp-json\/wp\/v2\/types\/page"}],"author":[{"embeddable":true,"href":"https:\/\/nataliasalvador.es\/es\/wp-json\/wp\/v2\/users\/1"}],"replies":[{"embeddable":true,"href":"https:\/\/nataliasalvador.es\/es\/wp-json\/wp\/v2\/comments?post=943"}],"version-history":[{"count":6,"href":"https:\/\/nataliasalvador.es\/es\/wp-json\/wp\/v2\/pages\/943\/revisions"}],"predecessor-version":[{"id":2936,"href":"https:\/\/nataliasalvador.es\/es\/wp-json\/wp\/v2\/pages\/943\/revisions\/2936"}],"wp:attachment":[{"href":"https:\/\/nataliasalvador.es\/es\/wp-json\/wp\/v2\/media?parent=943"}],"curies":[{"name":"wp","href":"https:\/\/api.w.org\/{rel}","templated":true}]}}