{"id":2228,"date":"2024-05-24T17:01:01","date_gmt":"2024-05-24T15:01:01","guid":{"rendered":"https:\/\/nataliasalvador.es\/?page_id=2228"},"modified":"2025-05-15T10:15:54","modified_gmt":"2025-05-15T08:15:54","slug":"legal-notice","status":"publish","type":"page","link":"https:\/\/nataliasalvador.es\/es\/legal-notice\/","title":{"rendered":"Aviso legal"},"content":{"rendered":"<h1 class=\"wp-block-heading\">Aviso legal<\/h1>\n\n\n\n<h2 class=\"wp-block-heading\">Datos del Responsable<\/h2>\n\n\n\n<p><strong><mark style=\"background-color:rgba(0, 0, 0, 0)\" class=\"has-inline-color has-primary-color\">Datos del Responsable:<\/mark><\/strong> Natalia Salvador Cabrerizo<br><strong><mark style=\"background-color:rgba(0, 0, 0, 0)\" class=\"has-inline-color has-primary-color\">Nombre Comercial:<\/mark><\/strong> Natalia Salvador<br><strong><mark style=\"background-color:rgba(0, 0, 0, 0)\" class=\"has-inline-color has-primary-color\">NIF\/CIF:<\/mark><\/strong> 75147149P<br><strong><mark style=\"background-color:rgba(0, 0, 0, 0)\" class=\"has-inline-color has-primary-color\">Direcci\u00f3n:<\/mark><\/strong> &nbsp;Solarillo de Gracia 4, 5B. 18002 Granada (Granada, SPAIN)<br><strong><mark style=\"background-color:rgba(0, 0, 0, 0)\" class=\"has-inline-color has-primary-color\">Correo electr\u00f3nico:<\/mark><\/strong> hi@nataliasalvador.es<\/p>\n\n\n\n<p>En este espacio, el usuario, podr\u00e1 encontrar toda la informaci\u00f3n relativa a los t\u00e9rminos y condiciones legales que definen las relaciones entre los usuarios y yo como responsable de esta web. Como usuario, es importante que conozcas estos t\u00e9rminos antes de continuar tu navegaci\u00f3n.<\/p>\n\n\n\n<p>Natalia Salvador (Natalia Salvador Cabrerizo) como responsable de esta web, asumo el compromiso de procesar la informaci\u00f3n de mis usuarios y clientes con plenas garant\u00edas y cumplir con los requisitos nacionales y europeos que regulan la recopilaci\u00f3n y uso de los datos personales de mis usuarios.<\/p>\n\n\n\n<p>Esta web, por tanto, cumple rigurosamente con el Reglamento (UE) 2016\/679 del Parlamento Europeo y del Consejo de 27 de abril de 2016 relativo a la protecci\u00f3n de las personas f\u00edsicas (RGPD), la Ley Org\u00e1nica 3\/2018, de 5 de diciembre, de Protecci\u00f3n de Datos Personales y garant\u00eda de los derechos digitales (LOPDGDD), as\u00ed como con la Ley 34\/2002, de 11 de julio, de Servicios de la Sociedad de la Informaci\u00f3n y Comercio Electr\u00f3nico (LSSICE \u00f3 LSSI).<\/p>\n\n\n\n<h2 class=\"wp-block-heading\">Condiciones generales de uso<\/h2>\n\n\n\n<p>Las presentes Condiciones Generales regulan el uso (incluyendo el mero acceso) de las p\u00e1ginas de web, integrantes del sitio web de Natalia Salvador incluidos los contenidos y servicios puestos a disposici\u00f3n en ellas. Toda persona que acceda a la web (\u201cusuario\u201d), acepta someterse a las Condiciones Generales vigentes en cada momento del sitio <a href=\"https:\/\/nataliasalvador.es\/es\/\">www.nataliasalvador.es<\/a> (&#8220;user&#8221;), accepts to be bound by the General Terms in force at any time on the <a href=\"https:\/\/nataliasalvador.es\/es\/\">www.nataliasalvador.es<\/a> portal.<\/p>\n\n\n\n<h2 class=\"wp-block-heading\">Datos personales que recabo y c\u00f3mo lo hago<\/h2>\n\n\n\n<p>Leer <a href=\"https:\/\/nataliasalvador.es\/es\/privacy-policy\/\" data-type=\"page\" data-id=\"3\">Pol\u00edtica de privacidad<\/a>.<\/p>\n\n\n\n<h2 class=\"wp-block-heading\">Compromisos y obligaciones de los usuarios<\/h2>\n\n\n\n<p>El usuario queda informado, y acepta, que el acceso a la presente web no supone, en modo alguno, el inicio de una relaci\u00f3n comercial con Natalia Salvador. De esta forma, el usuario se compromete a utilizar el sitio web, sus servicios y contenidos sin contravenir la legislaci\u00f3n vigente, la buena fe y el orden p\u00fablico.<\/p>\n\n\n\n<p>Queda prohibido el uso de la web, con fines il\u00edcitos o lesivos, o que, de cualquier forma, puedan causar perjuicio o impedir el normal funcionamiento del sitio web. Respecto de los contenidos de esta web, se proh\u00edbe:<\/p>\n\n\n\n<ul class=\"wp-block-list\">\n<li>Su reproducci\u00f3n, distribuci\u00f3n o modificaci\u00f3n, total o parcial, a menos que se cuente con mi autorizaci\u00f3n como leg\u00edtimo titular<\/li>\n\n\n\n<li>Cualquier vulneraci\u00f3n de los derechos del prestador o de mi como leg\u00edtimo titular;<\/li>\n\n\n\n<li>Su utilizaci\u00f3n para fines comerciales o publicitarios.<\/li>\n<\/ul>\n\n\n\n<p>En la utilizaci\u00f3n de la web, <a href=\"https:\/\/nataliasalvador.es\/es\/\">www.nataliasalvador.es<\/a>el usuario se compromete a no llevar a cabo <strong>ninguna conducta<\/strong> que pudiera da\u00f1ar la imagen, los intereses y los derechos de Natalia Salvador o de terceros o que pudiera da\u00f1ar, inutilizar o sobrecargar <a href=\"https:\/\/nataliasalvador.es\/es\/\">www.nataliasalvador.es<\/a> o que impidiera, de cualquier forma, la normal utilizaci\u00f3n de la web.<\/p>\n\n\n\n<p>No obstante, el usuario debe ser consciente de que las medidas de seguridad de los sistemas inform\u00e1ticos en Internet no son enteramente fiables y que, por tanto <a href=\"https:\/\/nataliasalvador.es\/es\/\">www.nataliasalvador.es<\/a> no puede garantizar la inexistencia de malware u otros elementos que puedan producir alteraciones en los sistemas inform\u00e1ticos (software y hardware) del usuario o en sus documentos electr\u00f3nicos y ficheros contenidos en los mismos aunque pongo todos los medios necesarios y las medidas de seguridad oportunas para evitar la presencia de estos elementos da\u00f1inos.<\/p>\n\n\n\n<h2 class=\"wp-block-heading\">Anuncios patrocinados, enlaces de afiliados y publicidad<\/h2>\n\n\n\n<p>Esta web no ofrece a los usuarios contenidos patrocinados, anuncios y\/o enlaces de afiliados.<\/p>\n\n\n\n<h2 class=\"wp-block-heading\">Medidas de seguridad<\/h2>\n\n\n\n<p>Los datos personales comunicados por el usuario a Natalia Salvador pueden ser almacenados en bases de datos automatizadas o no, cuya titularidad corresponde en exclusiva a Natalia Salvador Cabrerizo, asumiendo \u00e9sta todas las medidas de \u00edndole t\u00e9cnica, organizativa y de seguridad que garantizan la confidencialidad, integridad y calidad de la informaci\u00f3n contenida en las mismas de acuerdo con lo establecido en la normativa vigente en protecci\u00f3n de datos. La comunicaci\u00f3n entre los usuarios y <a href=\"http:\/\/www.dominio.es\/\" rel=\"nofollow noopener\" target=\"_blank\"><\/a><a href=\"https:\/\/nataliasalvador.es\/es\/\">www.nataliasalvador.es<\/a> utiliza un canal seguro, y los datos transmitidos son cifrados gracias a protocolos https, por tanto, garantizo las mejores condiciones de seguridad para que la confidencialidad de los usuarios est\u00e9 garantizada.<\/p>\n\n\n\n<h2 class=\"wp-block-heading\">Plataforma de resoluci\u00f3n de conflictos<\/h2>\n\n\n\n<p>Pongo tambi\u00e9n a disposici\u00f3n de los usuarios la plataforma de resoluci\u00f3n de litigios que facilita la Comisi\u00f3n Europea y que se encuentra disponible en el siguiente enlace: <a href=\"http:\/\/ec.europa.eu\/consumers\/odr\/\" rel=\"nofollow noopener\" target=\"_blank\">http:\/\/ec.europa.eu\/consumers\/odr\/<\/a><\/p>\n\n\n\n<h2 class=\"wp-block-heading\">Derechos de propiedad intelectual e industrial<\/h2>\n\n\n\n<p>En virtud de la Ley de Propiedad Intelectual, quedan expresamente prohibidas la reproducci\u00f3n, la distribuci\u00f3n y la comunicaci\u00f3n p\u00fablica, incluida su modalidad de puesta a disposici\u00f3n, de la totalidad o parte de los contenidos de esta p\u00e1gina web, con fines comerciales, en cualquier soporte y por cualquier medio t\u00e9cnico, sin la autorizaci\u00f3n de Natalia Salvador. El usuario se compromete a respetar los derechos de Propiedad Intelectual e Industrial titularidad de Natalia Salvador.<\/p>\n\n\n\n<p>El usuario conoce y acepta que la totalidad del sitio web, conteniendo sin car\u00e1cter exhaustivo el texto, software, contenidos (incluyendo estructura, selecci\u00f3n, ordenaci\u00f3n y presentaci\u00f3n de los mismos) podcast, fotograf\u00edas, material audiovisual y gr\u00e1ficos, est\u00e1 protegida por marcas, derechos de autor y otros derechos leg\u00edtimos, de acuerdo con los tratados internacionales en los que Espa\u00f1a es parte y otros derechos de propiedad y leyes de Espa\u00f1a.<\/p>\n\n\n\n<p>En el caso de que un usuario o un tercero consideren que se ha producido una violaci\u00f3n de sus leg\u00edtimos derechos de propiedad intelectual por la introducci\u00f3n de un determinado contenido en la web, deber\u00e1 notificar dicha circunstancia a Natalia Salvador indicando:<\/p>\n\n\n\n<ul class=\"wp-block-list\">\n<li>Datos personales del interesado titular de los derechos presuntamente infringidos, o indicar la representaci\u00f3n con la que act\u00faa en caso de que la reclamaci\u00f3n la presente un tercero distinto del interesado.<\/li>\n\n\n\n<li>Se\u00f1alar los contenidos protegidos por los derechos de propiedad intelectual y su ubicaci\u00f3n en la web, la acreditaci\u00f3n de los derechos de propiedad intelectual se\u00f1alados y declaraci\u00f3n expresa en la que el interesado se responsabiliza de la veracidad de las informaciones facilitadas en la notificaci\u00f3n.<\/li>\n<\/ul>\n\n\n\n<h2 class=\"wp-block-heading\">Enlaces externos<\/h2>\n\n\n\n<p>Las p\u00e1ginas de la web <a href=\"http:\/\/www.dominio.es\/\" rel=\"nofollow noopener\" target=\"_blank\"><a href=\"https:\/\/nataliasalvador.es\/es\/\">www.nataliasalvador.es<\/a><\/a> proporciona enlaces a otros sitios web propios y contenidos que son propiedad de terceros tales como:<\/p>\n\n\n\n<ul class=\"wp-block-list\">\n<li>Enlaces de productos y otros creadores no afiliados.<\/li>\n<\/ul>\n\n\n\n<p>El \u00fanico objeto de los enlaces es proporcionar al usuario la posibilidad de acceder a dichos enlaces.<\/p>\n\n\n\n<p>Natalia Salvador no se responsabiliza en ning\u00fan caso de los resultados que puedan derivarse al usuario por acceso a dichos enlaces.<\/p>\n\n\n\n<p>La informaci\u00f3n que se proporcione en estos sitios externos est\u00e1 sujeta a las pol\u00edticas de privacidad que se utilicen en dichos sitios y no estar\u00e1 sujeta a esta pol\u00edtica de privacidad. Por lo que recomiendo ampliamente a los usuarios a revisar detalladamente las pol\u00edticas de privacidad de los enlaces.<\/p>\n\n\n\n<p>El usuario que se proponga establecer cualquier dispositivo t\u00e9cnico de enlace desde su sitio web al portal <a href=\"http:\/\/www.dominio.es\/\" rel=\"nofollow noopener\" target=\"_blank\"><\/a><a href=\"https:\/\/nataliasalvador.es\/es\/\">www.nataliasalvador.es<\/a> deber\u00e1 obtener la autorizaci\u00f3n previa y escrita de Natalia Salvador Cabrerizo. El establecimiento del enlace no implica en ning\u00fan caso la existencia de relaciones entre <a href=\"http:\/\/www.dominio.es\/\" rel=\"nofollow noopener\" target=\"_blank\"><\/a><a href=\"https:\/\/nataliasalvador.es\/es\/\">www.nataliasalvador.es<\/a> y el propietario del sitio en el que se establezca el enlace, ni la aceptaci\u00f3n o aprobaci\u00f3n por parte de <a href=\"http:\/\/www.dominio.es\/\" rel=\"nofollow noopener\" target=\"_blank\"><\/a><a href=\"https:\/\/nataliasalvador.es\/es\/\">www.nataliasalvador.es<\/a> de sus contenidos o servicios.<\/p>\n\n\n\n<h2 class=\"wp-block-heading\">Exclusi\u00f3n de garant\u00edas y responsable<\/h2>\n\n\n\n<p><strong>Natalia Salvador Cabrerizo (Natalia Salvador) no otorga ninguna garant\u00eda ni se hace responsable, en ning\u00fan caso, de los da\u00f1os y perjuicios de cualquier naturaleza que pudieran traer causa de:<\/strong><\/p>\n\n\n\n<ul class=\"wp-block-list\">\n<li>La falta de disponibilidad, mantenimiento y efectivo funcionamiento de la web, o de sus servicios y contenidos;<\/li>\n\n\n\n<li>La existencia de malware, programas maliciosos o lesivos en los contenidos;<\/li>\n\n\n\n<li>El uso il\u00edcito, negligente, fraudulento o contrario a este Aviso Legal;<\/li>\n\n\n\n<li>La falta de licitud, calidad, fiabilidad, utilidad y disponibilidad de los servicios prestados por terceros y puestos a disposici\u00f3n de los usuarios en el sitio web.<\/li>\n<\/ul>\n\n\n\n<p>El prestador no se hace responsable bajo ning\u00fan concepto de los da\u00f1os que pudieran dimanar del uso ilegal o indebido de la presente p\u00e1gina web.<\/p>\n\n\n\n<h2 class=\"wp-block-heading\">Legislaci\u00f3n y fuero aplicable<\/h2>\n\n\n\n<p>Con car\u00e1cter general las relaciones entre Natalia Salvador con los usuarios de sus servicios telem\u00e1ticos, presentes en esta web se encuentran sometidas a la legislaci\u00f3n de ESPA\u00d1A y a los juzgados y tribunales de Granada.<\/p>\n\n\n\n<h2 class=\"wp-block-heading\">Contacto<\/h2>\n\n\n\n<p>En caso de que cualquier usuario tuviese alguna duda acerca de estas Condiciones legales o cualquier comentario sobre el portal <a href=\"https:\/\/nataliasalvador.es\/es\/\">www.nataliasalvador.es<\/a> por favor dir\u00edjase a <a href=\"mailto:hi@nataliasalvador.es\">hi@nataliasalvador.es<\/a>.<\/p>\n\n\n\n<p><em>El aviso legal han sido actualizadas por \u00faltima vez el 15-05-2025.<\/em><\/p>\n\n\n\n\u200b\u200b<meta name=\"robots\" content=\"noindex,follow\" \/>","protected":false},"excerpt":{"rendered":"<p>Legal notice Responsible Party Information Identity of the Responsible Party: Natalia Salvador CabrerizoTrade Name: Natalia SalvadorNIF\/CIF: 75147149PAddress: &nbsp;Solarillo de Gracia 4, 5B. 18002 Granada (Granada, SPAIN)Email: hi@nataliasalvador.es In this space, users can find all the information related to the terms and conditions that define the relationships between users and me as the responsible party for [&hellip;]<\/p>\n","protected":false},"author":1,"featured_media":0,"parent":0,"menu_order":0,"comment_status":"closed","ping_status":"closed","template":"","meta":{"pgc_sgb_lightbox_settings":"","footnotes":""},"class_list":["post-2228","page","type-page","status-publish","hentry"],"jetpack_sharing_enabled":true,"_links":{"self":[{"href":"https:\/\/nataliasalvador.es\/es\/wp-json\/wp\/v2\/pages\/2228","targetHints":{"allow":["GET"]}}],"collection":[{"href":"https:\/\/nataliasalvador.es\/es\/wp-json\/wp\/v2\/pages"}],"about":[{"href":"https:\/\/nataliasalvador.es\/es\/wp-json\/wp\/v2\/types\/page"}],"author":[{"embeddable":true,"href":"https:\/\/nataliasalvador.es\/es\/wp-json\/wp\/v2\/users\/1"}],"replies":[{"embeddable":true,"href":"https:\/\/nataliasalvador.es\/es\/wp-json\/wp\/v2\/comments?post=2228"}],"version-history":[{"count":16,"href":"https:\/\/nataliasalvador.es\/es\/wp-json\/wp\/v2\/pages\/2228\/revisions"}],"predecessor-version":[{"id":2923,"href":"https:\/\/nataliasalvador.es\/es\/wp-json\/wp\/v2\/pages\/2228\/revisions\/2923"}],"wp:attachment":[{"href":"https:\/\/nataliasalvador.es\/es\/wp-json\/wp\/v2\/media?parent=2228"}],"curies":[{"name":"wp","href":"https:\/\/api.w.org\/{rel}","templated":true}]}}