{"id":2,"date":"2019-02-05T19:05:59","date_gmt":"2019-02-05T19:05:59","guid":{"rendered":"http:\/\/nataliasalvador.es\/?page_id=2"},"modified":"2024-06-25T16:26:01","modified_gmt":"2024-06-25T14:26:01","slug":"about","status":"publish","type":"page","link":"https:\/\/nataliasalvador.es\/es\/about\/","title":{"rendered":"About the illustrator and fantasy artist Natalia Salvador"},"content":{"rendered":"<div class=\"wp-block-cover alignfull is-light\" style=\"min-height:374px;aspect-ratio:unset;\"><span aria-hidden=\"true\" class=\"wp-block-cover__background has-quaternary-background-color has-background-dim-90 has-background-dim\"><\/span><img loading=\"lazy\" decoding=\"async\" width=\"2560\" height=\"1920\" class=\"wp-block-cover__image-background wp-image-683\" alt=\"Natalia Salvador working with her drawing tablet\" src=\"http:\/\/nataliasalvador.es\/wp-content\/uploads\/natalia-salvador-working-scaled.jpg\" style=\"object-position:34% 96%\" data-object-fit=\"cover\" data-object-position=\"34% 96%\" srcset=\"https:\/\/nataliasalvador.es\/wp-content\/uploads\/natalia-salvador-working-scaled.jpg 2560w, https:\/\/nataliasalvador.es\/wp-content\/uploads\/natalia-salvador-working-scaled-600x450.jpg 600w, https:\/\/nataliasalvador.es\/wp-content\/uploads\/natalia-salvador-working-scaled-300x225.jpg 300w, https:\/\/nataliasalvador.es\/wp-content\/uploads\/natalia-salvador-working-scaled-1024x768.jpg 1024w, https:\/\/nataliasalvador.es\/wp-content\/uploads\/natalia-salvador-working-scaled-150x113.jpg 150w, https:\/\/nataliasalvador.es\/wp-content\/uploads\/natalia-salvador-working-scaled-768x576.jpg 768w, https:\/\/nataliasalvador.es\/wp-content\/uploads\/natalia-salvador-working-scaled-1536x1152.jpg 1536w, https:\/\/nataliasalvador.es\/wp-content\/uploads\/natalia-salvador-working-scaled-2048x1536.jpg 2048w, https:\/\/nataliasalvador.es\/wp-content\/uploads\/natalia-salvador-working-scaled-16x12.jpg 16w, https:\/\/nataliasalvador.es\/wp-content\/uploads\/natalia-salvador-working-scaled-1200x900.jpg 1200w\" sizes=\"auto, (max-width: 2560px) 100vw, 2560px\" \/><div class=\"wp-block-cover__inner-container is-layout-flow wp-block-cover-is-layout-flow\">\n<div class=\"wp-block-group has-global-padding is-layout-constrained wp-container-core-group-is-layout-2 wp-block-group-is-layout-constrained\">\n<div class=\"wp-block-group is-style-default is-layout-flow wp-block-group-is-layout-flow\">\n<h2 class=\"wp-block-heading has-text-align-center\">\u00a1Hola! <\/h2>\n\n\n\n<h3 class=\"wp-block-heading has-text-align-center has-secondary-color has-text-color\">Soy Natalia y hago ilustraci\u00f3n juvenil y de fantas\u00eda <\/h3>\n\n\n\n<h4 class=\"wp-block-heading has-text-align-center has-primary-color has-text-color\">(pero no me asusta probar otras cosas)<\/h4>\n\n\n\n<p class=\"has-text-align-center\"><strong>\u00a1Contacta conmigo!<\/strong><\/p>\n\n\n\n<div class=\"wp-block-buttons is-horizontal is-content-justification-center is-layout-flex wp-container-core-buttons-is-layout-1 wp-block-buttons-is-layout-flex\">\n<div class=\"wp-block-button is-style-fill\"><a class=\"wp-block-button__link wp-element-button\" href=\"mailto:hi@nataliasalvador.es\" style=\"border-radius:27px\">M\u00e1ndame un email<\/a><\/div>\n<\/div>\n<\/div>\n<\/div>\n<\/div><\/div>\n\n\n\n<div class=\"wp-block-group alignfull has-quaternary-background-color has-background is-layout-flow wp-container-core-group-is-layout-5 wp-block-group-is-layout-flow\" style=\"margin-top:0px;padding-top:var(--wp--preset--spacing--70);padding-bottom:var(--wp--preset--spacing--70)\">\n<div class=\"wp-block-group alignwide has-global-padding is-layout-constrained wp-block-group-is-layout-constrained\">\n<div class=\"wp-block-columns alignwide is-layout-flex wp-container-core-columns-is-layout-1 wp-block-columns-is-layout-flex\">\n<div class=\"wp-block-column is-layout-flow wp-block-column-is-layout-flow\" style=\"flex-basis:50%\">\n<h4 class=\"wp-block-heading has-text-align-right\"><strong>Sobre m\u00ed<\/strong><\/h4>\n<\/div>\n\n\n\n<div class=\"wp-block-column is-vertically-aligned-center is-layout-flow wp-block-column-is-layout-flow\" style=\"flex-basis:50%\">\n<hr class=\"wp-block-separator has-text-color has-css-opacity has-background is-style-wide\" style=\"background-color:#000000;color:#000000\"\/>\n<\/div>\n<\/div>\n<\/div>\n\n\n\n<div class=\"wp-block-group alignwide has-global-padding is-layout-constrained wp-block-group-is-layout-constrained\">\n<div class=\"wp-block-columns alignwide is-layout-flex wp-container-core-columns-is-layout-2 wp-block-columns-is-layout-flex\">\n<div class=\"wp-block-column is-layout-flow wp-block-column-is-layout-flow\">\n<figure class=\"wp-block-image alignright size-full is-resized\"><img decoding=\"async\" src=\"http:\/\/nataliasalvador.es\/wp-content\/uploads\/20220124-natalia-square-edited.jpg\" alt=\"\" class=\"wp-image-1304\" style=\"width:658px;height:auto\"\/><\/figure>\n<\/div>\n\n\n\n<div class=\"wp-block-column is-layout-flow wp-block-column-is-layout-flow\">\n<p>Crec\u00ed leyendo libros de fantas\u00eda y viendo cine de aventuras, imaginando historias y dibujando. No recuerdo cu\u00e1ndo cog\u00ed el primer l\u00e1piz, pero algunos libros de mi madre fueron v\u00edctimas silenciosas de mi af\u00e1n por garabatear.<\/p>\n\n\n\n<p>Vivo en Granada, una hermosa ciudad al sur de Espa\u00f1a. En mi tiempo libre disfruto de cantar, la reposter\u00eda y dar largos paseos en la naturaleza con mi perro.<\/p>\n\n\n\n<p>Desde bien peque\u00f1a admir\u00e9 las ilustraciones que aparec\u00edan en portadas e interiores de libros y quise acercarme a ese mundo estudiando Bellas Artes y dise\u00f1o gr\u00e1fico.<\/p>\n\n\n\n<p class=\"has-text-color has-extra-small-font-size\" style=\"color:#000000\">Trabaj\u00e9 como dise\u00f1adora gr\u00e1fica durante varios a\u00f1os tanto para medios impresos como digitales. Con esta experiencia aprend\u00ed a administrar mejor mi tiempo y a trabajar con fechas de entrega.<\/p>\n<\/div>\n<\/div>\n<\/div>\n<\/div>\n\n\n\n<div class=\"wp-block-columns alignwide is-layout-flex wp-container-core-columns-is-layout-4 wp-block-columns-is-layout-flex\">\n<div class=\"wp-block-column is-layout-flow wp-block-column-is-layout-flow\" style=\"flex-basis:100%\">\n<div class=\"wp-block-group alignfull is-layout-flow wp-block-group-is-layout-flow\" style=\"padding-top:var(--wp--preset--spacing--60);padding-right:var(--wp--preset--spacing--60);padding-bottom:var(--wp--preset--spacing--60);padding-left:var(--wp--preset--spacing--60)\">\n<div class=\"wp-block-columns alignwide has-background-background-color has-background is-layout-flex wp-container-core-columns-is-layout-3 wp-block-columns-is-layout-flex\" style=\"padding-top:0;padding-right:0;padding-bottom:0;padding-left:0\">\n<div class=\"wp-block-column is-layout-flow wp-block-column-is-layout-flow\">\n<h5 class=\"wp-block-heading\">Social<\/h5>\n\n\n\n<ul class=\"wp-block-social-links aligncenter has-normal-icon-size has-icon-color is-style-logos-only is-layout-flex wp-block-social-links-is-layout-flex\"><li style=\"color: #5CAD76; \" class=\"wp-social-link wp-social-link-instagram has-primary-color wp-block-social-link\"><a href=\"https:\/\/www.instagram.com\/nataliasalvadorart.\" class=\"wp-block-social-link-anchor\" rel=\"nofollow noopener\" target=\"_blank\"><svg width=\"24\" height=\"24\" viewbox=\"0 0 24 24\" version=\"1.1\" xmlns=\"http:\/\/www.w3.org\/2000\/svg\" aria-hidden=\"true\" focusable=\"false\"><path d=\"M12,4.622c2.403,0,2.688,0.009,3.637,0.052c0.877,0.04,1.354,0.187,1.671,0.31c0.42,0.163,0.72,0.358,1.035,0.673 c0.315,0.315,0.51,0.615,0.673,1.035c0.123,0.317,0.27,0.794,0.31,1.671c0.043,0.949,0.052,1.234,0.052,3.637 s-0.009,2.688-0.052,3.637c-0.04,0.877-0.187,1.354-0.31,1.671c-0.163,0.42-0.358,0.72-0.673,1.035 c-0.315,0.315-0.615,0.51-1.035,0.673c-0.317,0.123-0.794,0.27-1.671,0.31c-0.949,0.043-1.233,0.052-3.637,0.052 s-2.688-0.009-3.637-0.052c-0.877-0.04-1.354-0.187-1.671-0.31c-0.42-0.163-0.72-0.358-1.035-0.673 c-0.315-0.315-0.51-0.615-0.673-1.035c-0.123-0.317-0.27-0.794-0.31-1.671C4.631,14.688,4.622,14.403,4.622,12 s0.009-2.688,0.052-3.637c0.04-0.877,0.187-1.354,0.31-1.671c0.163-0.42,0.358-0.72,0.673-1.035 c0.315-0.315,0.615-0.51,1.035-0.673c0.317-0.123,0.794-0.27,1.671-0.31C9.312,4.631,9.597,4.622,12,4.622 M12,3 C9.556,3,9.249,3.01,8.289,3.054C7.331,3.098,6.677,3.25,6.105,3.472C5.513,3.702,5.011,4.01,4.511,4.511 c-0.5,0.5-0.808,1.002-1.038,1.594C3.25,6.677,3.098,7.331,3.054,8.289C3.01,9.249,3,9.556,3,12c0,2.444,0.01,2.751,0.054,3.711 c0.044,0.958,0.196,1.612,0.418,2.185c0.23,0.592,0.538,1.094,1.038,1.594c0.5,0.5,1.002,0.808,1.594,1.038 c0.572,0.222,1.227,0.375,2.185,0.418C9.249,20.99,9.556,21,12,21s2.751-0.01,3.711-0.054c0.958-0.044,1.612-0.196,2.185-0.418 c0.592-0.23,1.094-0.538,1.594-1.038c0.5-0.5,0.808-1.002,1.038-1.594c0.222-0.572,0.375-1.227,0.418-2.185 C20.99,14.751,21,14.444,21,12s-0.01-2.751-0.054-3.711c-0.044-0.958-0.196-1.612-0.418-2.185c-0.23-0.592-0.538-1.094-1.038-1.594 c-0.5-0.5-1.002-0.808-1.594-1.038c-0.572-0.222-1.227-0.375-2.185-0.418C14.751,3.01,14.444,3,12,3L12,3z M12,7.378 c-2.552,0-4.622,2.069-4.622,4.622S9.448,16.622,12,16.622s4.622-2.069,4.622-4.622S14.552,7.378,12,7.378z M12,15 c-1.657,0-3-1.343-3-3s1.343-3,3-3s3,1.343,3,3S13.657,15,12,15z M16.804,6.116c-0.596,0-1.08,0.484-1.08,1.08 s0.484,1.08,1.08,1.08c0.596,0,1.08-0.484,1.08-1.08S17.401,6.116,16.804,6.116z\"><\/path><\/svg><span class=\"wp-block-social-link-label screen-reader-text\">Instagram<\/span><\/a><\/li>\n\n<li style=\"color: #5CAD76; \" class=\"wp-social-link wp-social-link-twitter has-primary-color wp-block-social-link\"><a href=\"https:\/\/www.twitter.com\/natsalart\" class=\"wp-block-social-link-anchor\" rel=\"nofollow noopener\" target=\"_blank\"><svg width=\"24\" height=\"24\" viewbox=\"0 0 24 24\" version=\"1.1\" xmlns=\"http:\/\/www.w3.org\/2000\/svg\" aria-hidden=\"true\" focusable=\"false\"><path d=\"M22.23,5.924c-0.736,0.326-1.527,0.547-2.357,0.646c0.847-0.508,1.498-1.312,1.804-2.27 c-0.793,0.47-1.671,0.812-2.606,0.996C18.324,4.498,17.257,4,16.077,4c-2.266,0-4.103,1.837-4.103,4.103 c0,0.322,0.036,0.635,0.106,0.935C8.67,8.867,5.647,7.234,3.623,4.751C3.27,5.357,3.067,6.062,3.067,6.814 c0,1.424,0.724,2.679,1.825,3.415c-0.673-0.021-1.305-0.206-1.859-0.513c0,0.017,0,0.034,0,0.052c0,1.988,1.414,3.647,3.292,4.023 c-0.344,0.094-0.707,0.144-1.081,0.144c-0.264,0-0.521-0.026-0.772-0.074c0.522,1.63,2.038,2.816,3.833,2.85 c-1.404,1.1-3.174,1.756-5.096,1.756c-0.331,0-0.658-0.019-0.979-0.057c1.816,1.164,3.973,1.843,6.29,1.843 c7.547,0,11.675-6.252,11.675-11.675c0-0.178-0.004-0.355-0.012-0.531C20.985,7.47,21.68,6.747,22.23,5.924z\"><\/path><\/svg><span class=\"wp-block-social-link-label screen-reader-text\">Twitter<\/span><\/a><\/li>\n\n<li style=\"color: #5CAD76; \" class=\"wp-social-link wp-social-link-linkedin has-primary-color wp-block-social-link\"><a href=\"http:\/\/www.linkedin.com\/in\/nataliasalca\" class=\"wp-block-social-link-anchor\" rel=\"nofollow noopener\" target=\"_blank\"><svg width=\"24\" height=\"24\" viewbox=\"0 0 24 24\" version=\"1.1\" xmlns=\"http:\/\/www.w3.org\/2000\/svg\" aria-hidden=\"true\" focusable=\"false\"><path d=\"M19.7,3H4.3C3.582,3,3,3.582,3,4.3v15.4C3,20.418,3.582,21,4.3,21h15.4c0.718,0,1.3-0.582,1.3-1.3V4.3 C21,3.582,20.418,3,19.7,3z M8.339,18.338H5.667v-8.59h2.672V18.338z M7.004,8.574c-0.857,0-1.549-0.694-1.549-1.548 c0-0.855,0.691-1.548,1.549-1.548c0.854,0,1.547,0.694,1.547,1.548C8.551,7.881,7.858,8.574,7.004,8.574z M18.339,18.338h-2.669 v-4.177c0-0.996-0.017-2.278-1.387-2.278c-1.389,0-1.601,1.086-1.601,2.206v4.249h-2.667v-8.59h2.559v1.174h0.037 c0.356-0.675,1.227-1.387,2.526-1.387c2.703,0,3.203,1.779,3.203,4.092V18.338z\"><\/path><\/svg><span class=\"wp-block-social-link-label screen-reader-text\">LinkedIn<\/span><\/a><\/li>\n\n<li style=\"color: #5CAD76; \" class=\"wp-social-link wp-social-link-facebook has-primary-color wp-block-social-link\"><a href=\"https:\/\/www.facebook.com\/nataliasalvadorart\" class=\"wp-block-social-link-anchor\" rel=\"nofollow noopener\" target=\"_blank\"><svg width=\"24\" height=\"24\" viewbox=\"0 0 24 24\" version=\"1.1\" xmlns=\"http:\/\/www.w3.org\/2000\/svg\" aria-hidden=\"true\" focusable=\"false\"><path d=\"M12 2C6.5 2 2 6.5 2 12c0 5 3.7 9.1 8.4 9.9v-7H7.9V12h2.5V9.8c0-2.5 1.5-3.9 3.8-3.9 1.1 0 2.2.2 2.2.2v2.5h-1.3c-1.2 0-1.6.8-1.6 1.6V12h2.8l-.4 2.9h-2.3v7C18.3 21.1 22 17 22 12c0-5.5-4.5-10-10-10z\"><\/path><\/svg><span class=\"wp-block-social-link-label screen-reader-text\">Facebook<\/span><\/a><\/li><\/ul>\n\n\n\n<div style=\"height:40px\" aria-hidden=\"true\" class=\"wp-block-spacer\"><\/div>\n\n\n\n<h5 class=\"wp-block-heading has-accent-color has-text-color\">Reconocimientos<\/h5>\n\n\n\n<p>2021. <a rel=\"noreferrer noopener nofollow\" href=\"https:\/\/www.writersofthefuture.com\/illustrators-of-the-future-1st-quarter-winners-announced-for-volume-38\/\" target=\"_blank\">Illustrators of the Future 1st Quarter winner<\/a><br>2021. Babalunga i kamolongos. Exposici\u00f3n internacional de ilustraci\u00f3n editorial (Valencia, Espa\u00f1a)<br>2022. Babalunga i kamolongos. Exposici\u00f3n internacional de ilustraci\u00f3n editorial (Valencia, Espa\u00f1a)<\/p>\n<\/div>\n\n\n\n<div class=\"wp-block-column is-layout-flow wp-block-column-is-layout-flow\">\n<h5 class=\"wp-block-heading has-accent-color has-text-color\">Prensa<\/h5>\n\n\n\n<h6 class=\"wp-block-heading\">Art\u00edculos<\/h6>\n\n\n\n<ul class=\"wp-block-list\">\n<li><a href=\"https:\/\/www.ideal.es\/culturas\/almeria\/sueno-natalia-llega-hollywood-ilustradora-20220220120722-nt.html\" rel=\"nofollow noopener\" target=\"_blank\">Peri\u00f3dico IDEAL \u201cEl sue\u00f1o de Natalia llega a Hollywood\u201d<\/a><\/li>\n\n\n\n<li><a href=\"https:\/\/www.writersofthefuture.com\/seeing-magic-in-illustration\/\" rel=\"nofollow noopener\" target=\"_blank\">Blog de Writers of the Future: \u201cSeeing Magic in Illustration\u201d (en ingl\u00e9s)<\/a><\/li>\n<\/ul>\n\n\n\n<h6 class=\"wp-block-heading\">Multimedia<\/h6>\n\n\n\n<ul class=\"wp-block-list\">\n<li><a href=\"https:\/\/www.youtube.com\/watch?v=rhgPsaN7C-U\" rel=\"nofollow noopener\" target=\"_blank\">Alfombra roja de Writers of the Future 38<\/a><\/li>\n\n\n\n<li><a href=\"https:\/\/www.ivoox.com\/illustrators-of-the-future-natalia-salvador-audios-mp3_rf_86126233_1.html\" rel=\"nofollow noopener\" target=\"_blank\">UFO Paranormal Radio &amp; United Public Radio <\/a>entrevista durante la semana de talleres de Writers of the Future 38.<\/li>\n<\/ul>\n<\/div>\n<\/div>\n<\/div>\n<\/div>\n<\/div>","protected":false},"excerpt":{"rendered":"<p>About me I grew up reading fantasy books and watching adventure films, making up stories and drawing. I can&#8217;t remember when I picked up my first pencil, but some of my mother&#8217;s books were silent victims of my eagerness to doodle. I live in Granada, a beautiful city in southern Spain. I enjoy singing and [&hellip;]<\/p>\n","protected":false},"author":1,"featured_media":0,"parent":0,"menu_order":0,"comment_status":"closed","ping_status":"open","template":"template-no-title","meta":{"pgc_sgb_lightbox_settings":"","footnotes":""},"class_list":["post-2","page","type-page","status-publish","hentry"],"jetpack_sharing_enabled":true,"_links":{"self":[{"href":"https:\/\/nataliasalvador.es\/es\/wp-json\/wp\/v2\/pages\/2","targetHints":{"allow":["GET"]}}],"collection":[{"href":"https:\/\/nataliasalvador.es\/es\/wp-json\/wp\/v2\/pages"}],"about":[{"href":"https:\/\/nataliasalvador.es\/es\/wp-json\/wp\/v2\/types\/page"}],"author":[{"embeddable":true,"href":"https:\/\/nataliasalvador.es\/es\/wp-json\/wp\/v2\/users\/1"}],"replies":[{"embeddable":true,"href":"https:\/\/nataliasalvador.es\/es\/wp-json\/wp\/v2\/comments?post=2"}],"version-history":[{"count":30,"href":"https:\/\/nataliasalvador.es\/es\/wp-json\/wp\/v2\/pages\/2\/revisions"}],"predecessor-version":[{"id":2581,"href":"https:\/\/nataliasalvador.es\/es\/wp-json\/wp\/v2\/pages\/2\/revisions\/2581"}],"wp:attachment":[{"href":"https:\/\/nataliasalvador.es\/es\/wp-json\/wp\/v2\/media?parent=2"}],"curies":[{"name":"wp","href":"https:\/\/api.w.org\/{rel}","templated":true}]}}